{"id":10,"date":"2020-11-17T19:13:57","date_gmt":"2020-11-17T19:13:57","guid":{"rendered":"http:\/\/3dent.es\/?page_id=10"},"modified":"2021-02-03T09:55:26","modified_gmt":"2021-02-03T09:55:26","slug":"servicios","status":"publish","type":"page","link":"https:\/\/3dent.es\/index.php\/servicios\/","title":{"rendered":"SERVICIOS"},"content":{"rendered":"\n<h1 class=\"has-text-align-center wp-block-heading\">PRINCIPALES SERVICIOS QUE OFRECEMOS EN 3DENT<\/h1>\n\n\n\n<p class=\"has-text-align-center\" style=\"font-size:23px\"><strong>\u00bfPor qu\u00e9 elegir 3DENT para servicios radiol\u00f3gicos dentales?<\/strong> <br>Porque disponemos de excelentes servicios para nuestros clientes. Existen diferentes centros de radiolog\u00eda dental que ofrecen servicios similares, pero muy pocos tan completos y con la calidad-precio que ofrece 3DENT:<\/p>\n\n\n\n<div style=\"height:53px\" aria-hidden=\"true\" class=\"wp-block-spacer\"><\/div>\n\n\n\n<div class=\"wp-block-columns is-layout-flex wp-container-core-columns-is-layout-9d6595d7 wp-block-columns-is-layout-flex\">\n<div class=\"wp-block-column is-layout-flow wp-block-column-is-layout-flow\">\n<p class=\"has-background\" style=\"background-color:#f8f8f8\"><strong>CERCAN\u00cdA<\/strong><br>Estamos ubicados en Puerto de Sagunto, cerca de las cl\u00ednicas dentales de Valencia y Castell\u00f3n, cuentan con excelentes comunicaciones por carretera y transporte p\u00fablico para facilitar el acceso a los pacientes.<\/p>\n\n\n\n<p class=\"has-background\" style=\"background-color:#f8f8f8\"><strong>ATENCI\u00d3N PERSONALIZADA<\/strong><br>Valoramos mucho el trato directo, personal y de calidad. Nuestro departamento t\u00e9cnico y asesor radiol\u00f3gico, est\u00e1 disponible para cualquier duda, consulta o ayuda t\u00e9cnica que necesite y de forma instant\u00e1nea.<\/p>\n\n\n\n<p class=\"has-background\" style=\"background-color:#f8f8f8\"><strong>TECNOLOG\u00cdA DE \u00daLTIMA GENERACI\u00d3N<\/strong><br>Nuestro centro cuenta con modernas instalaciones dise\u00f1adas para atender a los pacientes con el m\u00e1ximo confort. Est\u00e1 dotado de los equipos y la tecnolog\u00eda m\u00e1s avanzada para ofrecer un servicio de radiolog\u00eda dental de calidad.<\/p>\n\n\n\n<p class=\"has-background\" style=\"background-color:#f8f8f8\"><strong>SEGURIDAD<\/strong><br>Ofrecemos esc\u00e1neres de alta calidad, facilitando el diagn\u00f3stico adecuado y reduciendo el riesgo al m\u00e1ximo para los clientes. Adem\u00e1s, gracias a la tecnolog\u00eda de vanguardia de nuestros equipos logramos reducir al m\u00ednimo el grado de exposici\u00f3n a radiaci\u00f3n. Disponemos de telerradiograf\u00eda con m\u00ednima radiaci\u00f3n, especialmente apta para ni\u00f1os.<\/p>\n\n\n\n<p class=\"has-background\" style=\"background-color:#f8f8f8\"><strong>PRESENTACI\u00d3N PERSONALIZABLE<\/strong><br>En m\u00faltiples aplicaciones como: Marcaci\u00f3n del dentado, ancho de cada corte, distancia entre cortes, n\u00famero de cortes, resoluci\u00f3n-contraste y valores Hounsfield de dureza de hueso.<\/p>\n\n\n\n<p class=\"has-background\" style=\"background-color:#f8f8f8\"><strong>ESCANEOS A MEDIDA<\/strong><br>Realizamos escaneos a medida de arcadas enteras, medias arcadas, sectores, etc\u2026<\/p>\n<\/div>\n\n\n\n<div class=\"wp-block-column is-layout-flow wp-block-column-is-layout-flow\">\n<p class=\"has-background\" style=\"background-color:#f8f8f8\"><strong>CITA PARA EL MISMO D\u00cdA<\/strong><br>Sin esperas. Realizamos ortopantomograf\u00edas y telerradiograf\u00edas en el momento. Para el resto de servicio le ofrecemos la posibilidad de pedir cita incluso el mimo d\u00eda.<\/p>\n\n\n\n<p class=\"has-background\" style=\"background-color:#f8f8f8\"><strong>COPIA DE SEGURIDAD<\/strong><br>Guardamos una copia digital de todos los estudios realizados durante 4 a\u00f1os. Si necesita recuperar un estudio solo tiene que ponerse en contacto con nosotros y se lo facilitaremos de forma inmediata.<\/p>\n\n\n\n<p class=\"has-background\" style=\"background-color:#f8f8f8\"><strong>ENTREGA INSTANT\u00c1NEA<\/strong><br>Le entregamos el esc\u00e1ner de manera inmediata en papel, formato digital USB \u00f3 CD y por correo electr\u00f3nico. Tambi\u00e9n lo enviamos de forma directa a su cl\u00ednica prescriptora\/cirujano.<br>Los estudios 3D se entregan junto con el software 3D (compatible tanto para MAC como Windows) para su visionado compatible con software 3D de planificaci\u00f3n de implantes y cirug\u00eda guiada.<\/p>\n\n\n\n<p class=\"has-background\" style=\"background-color:#f8f8f8\"><strong>FACILIDADES DE PAGO<\/strong><br>Aceptamos pago con tarjeta y podemos facturar directamente a la cl\u00ednica. Los clientes pueden acudir a nuestro centro en cualquier momento, les realizaremos el diagn\u00f3stico prescrito en el acto, sin esperas.<\/p>\n\n\n\n<p class=\"has-background\" style=\"background-color:#f8f8f8\"><strong>EXCELENTE CALIAD-PRECIO<\/strong><br>Ofrecemos el mejor precio de la zona, sin perder en calidad. Adem\u00e1s, realizamos esc\u00e1neres sectoriales para un menor coste y exposici\u00f3n a la radiaci\u00f3n.<\/p>\n\n\n\n<p class=\"has-background\" style=\"background-color:#f8f8f8\"><strong>HERRAMIENTAS PARA ENDODONCIA<\/strong><br>F\u00e1cil evaluaci\u00f3n de los canales radiculares, los traumas, las fracturas radiculares y la absorci\u00f3n radicular, para crear diagn\u00f3sticos y planes de tratamiento de gran precisi\u00f3n.<\/p>\n<\/div>\n<\/div>\n\n\n\n<p><br><br><\/p>\n","protected":false},"excerpt":{"rendered":"<p>PRINCIPALES SERVICIOS QUE OFRECEMOS EN 3DENT \u00bfPor qu\u00e9 elegir 3DENT para servicios radiol\u00f3gicos dentales? Porque disponemos de excelentes servicios para nuestros clientes. Existen diferentes centros de radiolog\u00eda dental que ofrecen servicios similares, pero muy pocos tan completos y con la calidad-precio que ofrece 3DENT: CERCAN\u00cdAEstamos ubicados en Puerto de Sagunto, cerca de las cl\u00ednicas dentales [&hellip;]<\/p>\n","protected":false},"author":1,"featured_media":0,"parent":0,"menu_order":0,"comment_status":"closed","ping_status":"closed","template":"","meta":{"_joinchat":[],"footnotes":""},"class_list":["post-10","page","type-page","status-publish","hentry","entry"],"yoast_head":"<!-- This site is optimized with the Yoast SEO plugin v27.5 - https:\/\/yoast.com\/product\/yoast-seo-wordpress\/ -->\n<title>SERVICIOS - 3DENT<\/title>\n<meta name=\"robots\" content=\"index, follow, max-snippet:-1, max-image-preview:large, max-video-preview:-1\" \/>\n<link rel=\"canonical\" href=\"https:\/\/3dent.es\/index.php\/servicios\/\" \/>\n<meta property=\"og:locale\" content=\"es_ES\" \/>\n<meta property=\"og:type\" content=\"article\" \/>\n<meta property=\"og:title\" content=\"SERVICIOS - 3DENT\" \/>\n<meta property=\"og:description\" content=\"PRINCIPALES SERVICIOS QUE OFRECEMOS EN 3DENT \u00bfPor qu\u00e9 elegir 3DENT para servicios radiol\u00f3gicos dentales? Porque disponemos de excelentes servicios para nuestros clientes. Existen diferentes centros de radiolog\u00eda dental que ofrecen servicios similares, pero muy pocos tan completos y con la calidad-precio que ofrece 3DENT: CERCAN\u00cdAEstamos ubicados en Puerto de Sagunto, cerca de las cl\u00ednicas dentales [&hellip;]\" \/>\n<meta property=\"og:url\" content=\"https:\/\/3dent.es\/index.php\/servicios\/\" \/>\n<meta property=\"og:site_name\" content=\"3DENT\" \/>\n<meta property=\"article:modified_time\" content=\"2021-02-03T09:55:26+00:00\" \/>\n<meta name=\"twitter:card\" content=\"summary_large_image\" \/>\n<meta name=\"twitter:label1\" content=\"Tiempo de lectura\" \/>\n\t<meta name=\"twitter:data1\" content=\"2 minutos\" \/>\n<script type=\"application\/ld+json\" class=\"yoast-schema-graph\">{\"@context\":\"https:\\\/\\\/schema.org\",\"@graph\":[{\"@type\":\"WebPage\",\"@id\":\"https:\\\/\\\/3dent.es\\\/index.php\\\/servicios\\\/\",\"url\":\"https:\\\/\\\/3dent.es\\\/index.php\\\/servicios\\\/\",\"name\":\"SERVICIOS - 3DENT\",\"isPartOf\":{\"@id\":\"https:\\\/\\\/3dent.es\\\/#website\"},\"datePublished\":\"2020-11-17T19:13:57+00:00\",\"dateModified\":\"2021-02-03T09:55:26+00:00\",\"breadcrumb\":{\"@id\":\"https:\\\/\\\/3dent.es\\\/index.php\\\/servicios\\\/#breadcrumb\"},\"inLanguage\":\"es\",\"potentialAction\":[{\"@type\":\"ReadAction\",\"target\":[\"https:\\\/\\\/3dent.es\\\/index.php\\\/servicios\\\/\"]}]},{\"@type\":\"BreadcrumbList\",\"@id\":\"https:\\\/\\\/3dent.es\\\/index.php\\\/servicios\\\/#breadcrumb\",\"itemListElement\":[{\"@type\":\"ListItem\",\"position\":1,\"name\":\"Portada\",\"item\":\"https:\\\/\\\/3dent.es\\\/\"},{\"@type\":\"ListItem\",\"position\":2,\"name\":\"SERVICIOS\"}]},{\"@type\":\"WebSite\",\"@id\":\"https:\\\/\\\/3dent.es\\\/#website\",\"url\":\"https:\\\/\\\/3dent.es\\\/\",\"name\":\"3DENT\",\"description\":\"Centro Radiol\u00f3gico Dental\",\"publisher\":{\"@id\":\"https:\\\/\\\/3dent.es\\\/#organization\"},\"potentialAction\":[{\"@type\":\"SearchAction\",\"target\":{\"@type\":\"EntryPoint\",\"urlTemplate\":\"https:\\\/\\\/3dent.es\\\/?s={search_term_string}\"},\"query-input\":{\"@type\":\"PropertyValueSpecification\",\"valueRequired\":true,\"valueName\":\"search_term_string\"}}],\"inLanguage\":\"es\"},{\"@type\":\"Organization\",\"@id\":\"https:\\\/\\\/3dent.es\\\/#organization\",\"name\":\"3Dent\",\"url\":\"https:\\\/\\\/3dent.es\\\/\",\"logo\":{\"@type\":\"ImageObject\",\"inLanguage\":\"es\",\"@id\":\"https:\\\/\\\/3dent.es\\\/#\\\/schema\\\/logo\\\/image\\\/\",\"url\":\"http:\\\/\\\/3dent.es\\\/wp-content\\\/uploads\\\/2020\\\/11\\\/cropped-logo-3dent-centro-radiologico-dental-valencia-castellon-sagunto-1.png\",\"contentUrl\":\"http:\\\/\\\/3dent.es\\\/wp-content\\\/uploads\\\/2020\\\/11\\\/cropped-logo-3dent-centro-radiologico-dental-valencia-castellon-sagunto-1.png\",\"width\":449,\"height\":124,\"caption\":\"3Dent\"},\"image\":{\"@id\":\"https:\\\/\\\/3dent.es\\\/#\\\/schema\\\/logo\\\/image\\\/\"}}]}<\/script>\n<!-- \/ Yoast SEO plugin. -->","yoast_head_json":{"title":"SERVICIOS - 3DENT","robots":{"index":"index","follow":"follow","max-snippet":"max-snippet:-1","max-image-preview":"max-image-preview:large","max-video-preview":"max-video-preview:-1"},"canonical":"https:\/\/3dent.es\/index.php\/servicios\/","og_locale":"es_ES","og_type":"article","og_title":"SERVICIOS - 3DENT","og_description":"PRINCIPALES SERVICIOS QUE OFRECEMOS EN 3DENT \u00bfPor qu\u00e9 elegir 3DENT para servicios radiol\u00f3gicos dentales? Porque disponemos de excelentes servicios para nuestros clientes. Existen diferentes centros de radiolog\u00eda dental que ofrecen servicios similares, pero muy pocos tan completos y con la calidad-precio que ofrece 3DENT: CERCAN\u00cdAEstamos ubicados en Puerto de Sagunto, cerca de las cl\u00ednicas dentales [&hellip;]","og_url":"https:\/\/3dent.es\/index.php\/servicios\/","og_site_name":"3DENT","article_modified_time":"2021-02-03T09:55:26+00:00","twitter_card":"summary_large_image","twitter_misc":{"Tiempo de lectura":"2 minutos"},"schema":{"@context":"https:\/\/schema.org","@graph":[{"@type":"WebPage","@id":"https:\/\/3dent.es\/index.php\/servicios\/","url":"https:\/\/3dent.es\/index.php\/servicios\/","name":"SERVICIOS - 3DENT","isPartOf":{"@id":"https:\/\/3dent.es\/#website"},"datePublished":"2020-11-17T19:13:57+00:00","dateModified":"2021-02-03T09:55:26+00:00","breadcrumb":{"@id":"https:\/\/3dent.es\/index.php\/servicios\/#breadcrumb"},"inLanguage":"es","potentialAction":[{"@type":"ReadAction","target":["https:\/\/3dent.es\/index.php\/servicios\/"]}]},{"@type":"BreadcrumbList","@id":"https:\/\/3dent.es\/index.php\/servicios\/#breadcrumb","itemListElement":[{"@type":"ListItem","position":1,"name":"Portada","item":"https:\/\/3dent.es\/"},{"@type":"ListItem","position":2,"name":"SERVICIOS"}]},{"@type":"WebSite","@id":"https:\/\/3dent.es\/#website","url":"https:\/\/3dent.es\/","name":"3DENT","description":"Centro Radiol\u00f3gico Dental","publisher":{"@id":"https:\/\/3dent.es\/#organization"},"potentialAction":[{"@type":"SearchAction","target":{"@type":"EntryPoint","urlTemplate":"https:\/\/3dent.es\/?s={search_term_string}"},"query-input":{"@type":"PropertyValueSpecification","valueRequired":true,"valueName":"search_term_string"}}],"inLanguage":"es"},{"@type":"Organization","@id":"https:\/\/3dent.es\/#organization","name":"3Dent","url":"https:\/\/3dent.es\/","logo":{"@type":"ImageObject","inLanguage":"es","@id":"https:\/\/3dent.es\/#\/schema\/logo\/image\/","url":"http:\/\/3dent.es\/wp-content\/uploads\/2020\/11\/cropped-logo-3dent-centro-radiologico-dental-valencia-castellon-sagunto-1.png","contentUrl":"http:\/\/3dent.es\/wp-content\/uploads\/2020\/11\/cropped-logo-3dent-centro-radiologico-dental-valencia-castellon-sagunto-1.png","width":449,"height":124,"caption":"3Dent"},"image":{"@id":"https:\/\/3dent.es\/#\/schema\/logo\/image\/"}}]}},"_links":{"self":[{"href":"https:\/\/3dent.es\/index.php\/wp-json\/wp\/v2\/pages\/10","targetHints":{"allow":["GET"]}}],"collection":[{"href":"https:\/\/3dent.es\/index.php\/wp-json\/wp\/v2\/pages"}],"about":[{"href":"https:\/\/3dent.es\/index.php\/wp-json\/wp\/v2\/types\/page"}],"author":[{"embeddable":true,"href":"https:\/\/3dent.es\/index.php\/wp-json\/wp\/v2\/users\/1"}],"replies":[{"embeddable":true,"href":"https:\/\/3dent.es\/index.php\/wp-json\/wp\/v2\/comments?post=10"}],"version-history":[{"count":21,"href":"https:\/\/3dent.es\/index.php\/wp-json\/wp\/v2\/pages\/10\/revisions"}],"predecessor-version":[{"id":302,"href":"https:\/\/3dent.es\/index.php\/wp-json\/wp\/v2\/pages\/10\/revisions\/302"}],"wp:attachment":[{"href":"https:\/\/3dent.es\/index.php\/wp-json\/wp\/v2\/media?parent=10"}],"curies":[{"name":"wp","href":"https:\/\/api.w.org\/{rel}","templated":true}]}}