{"id":174,"date":"2020-11-28T17:58:45","date_gmt":"2020-11-28T17:58:45","guid":{"rendered":"http:\/\/3dent.es\/?page_id=174"},"modified":"2024-03-26T09:32:23","modified_gmt":"2024-03-26T09:32:23","slug":"centro-radiologico-dental-3dent","status":"publish","type":"page","link":"https:\/\/3dent.es\/","title":{"rendered":"CENTRO RADIOL\u00d3GICO DENTAL"},"content":{"rendered":"\n<div style=\"height:50px\" aria-hidden=\"true\" class=\"wp-block-spacer\"><\/div>\n\n\n\n<h1 class=\"wp-block-heading has-text-align-center\">TU CENTRO DE DIAGN\u00d3STICO RADIOL\u00d3GICO DENTAL<\/h1>\n\n\n\n<p class=\"has-text-align-center\" style=\"font-size:23px\">En nuestro centro radiol\u00f3gico dental 3DENT, te ofrecemos la mejor atenci\u00f3n con las herramientas y dispositivos m\u00e1s avanzados para garantizar a nuestros clientes un diagn\u00f3stico radiol\u00f3gico dental de calidad. 3DENT es un centro independiente sin vinculaci\u00f3n con ninguna cl\u00ednica dental.<\/p>\n\n\n\n<div style=\"height:54px\" aria-hidden=\"true\" class=\"wp-block-spacer\"><\/div>\n\n\n\n<div class=\"wp-block-columns is-layout-flex wp-container-core-columns-is-layout-9d6595d7 wp-block-columns-is-layout-flex\">\n<div class=\"wp-block-column is-layout-flow wp-block-column-is-layout-flow\">\n<figure class=\"wp-block-image size-large\"><img loading=\"lazy\" decoding=\"async\" width=\"800\" height=\"552\" src=\"https:\/\/3dent.es\/wp-content\/uploads\/2020\/11\/centro-radiologico-3dent02.jpg\" alt=\"\" class=\"wp-image-159\" srcset=\"https:\/\/3dent.es\/wp-content\/uploads\/2020\/11\/centro-radiologico-3dent02.jpg 800w, https:\/\/3dent.es\/wp-content\/uploads\/2020\/11\/centro-radiologico-3dent02-300x207.jpg 300w, https:\/\/3dent.es\/wp-content\/uploads\/2020\/11\/centro-radiologico-3dent02-768x530.jpg 768w, https:\/\/3dent.es\/wp-content\/uploads\/2020\/11\/centro-radiologico-3dent02-200x138.jpg 200w\" sizes=\"auto, (max-width: 800px) 100vw, 800px\" \/><\/figure>\n<\/div>\n\n\n\n<div class=\"wp-block-column is-layout-flow wp-block-column-is-layout-flow\">\n<figure class=\"wp-block-image size-large\"><img loading=\"lazy\" decoding=\"async\" width=\"800\" height=\"552\" src=\"https:\/\/3dent.es\/wp-content\/uploads\/2020\/11\/centro-radiologico-3dent01.jpg\" alt=\"\" class=\"wp-image-158\" srcset=\"https:\/\/3dent.es\/wp-content\/uploads\/2020\/11\/centro-radiologico-3dent01.jpg 800w, https:\/\/3dent.es\/wp-content\/uploads\/2020\/11\/centro-radiologico-3dent01-300x207.jpg 300w, https:\/\/3dent.es\/wp-content\/uploads\/2020\/11\/centro-radiologico-3dent01-768x530.jpg 768w, https:\/\/3dent.es\/wp-content\/uploads\/2020\/11\/centro-radiologico-3dent01-200x138.jpg 200w\" sizes=\"auto, (max-width: 800px) 100vw, 800px\" \/><\/figure>\n<\/div>\n\n\n\n<div class=\"wp-block-column is-layout-flow wp-block-column-is-layout-flow\">\n<figure class=\"wp-block-image size-large\"><img loading=\"lazy\" decoding=\"async\" width=\"800\" height=\"552\" src=\"https:\/\/3dent.es\/wp-content\/uploads\/2020\/11\/centro-radiologico-3dent03.jpg\" alt=\"\" class=\"wp-image-183\" srcset=\"https:\/\/3dent.es\/wp-content\/uploads\/2020\/11\/centro-radiologico-3dent03.jpg 800w, https:\/\/3dent.es\/wp-content\/uploads\/2020\/11\/centro-radiologico-3dent03-300x207.jpg 300w, https:\/\/3dent.es\/wp-content\/uploads\/2020\/11\/centro-radiologico-3dent03-768x530.jpg 768w, https:\/\/3dent.es\/wp-content\/uploads\/2020\/11\/centro-radiologico-3dent03-200x138.jpg 200w\" sizes=\"auto, (max-width: 800px) 100vw, 800px\" \/><\/figure>\n<\/div>\n<\/div>\n\n\n\n<div style=\"height:100px\" aria-hidden=\"true\" class=\"wp-block-spacer\"><\/div>\n\n\n\n<h2 class=\"wp-block-heading has-text-align-center\">Te ofrecemos los mejores servicios<\/h2>\n\n\n\n<p class=\"has-text-align-center\">Somos el \u00fanico centro en Sagunto y alrededores, existen otros centros de diagn\u00f3stico radiol\u00f3gico dental en Valencia y Castell\u00f3n, pero pocos que ofrezcan tantos servicios, una excelente ubicaci\u00f3n y precios tan competitivos.<\/p>\n\n\n\n<div style=\"height:60px\" aria-hidden=\"true\" class=\"wp-block-spacer\"><\/div>\n\n\n\n<div class=\"wp-block-columns is-layout-flex wp-container-core-columns-is-layout-9d6595d7 wp-block-columns-is-layout-flex\">\n<div class=\"wp-block-column is-layout-flow wp-block-column-is-layout-flow\">\n<figure class=\"wp-block-image size-large\"><img loading=\"lazy\" decoding=\"async\" width=\"170\" height=\"170\" src=\"https:\/\/3dent.es\/wp-content\/uploads\/2020\/11\/precios-competitivos-radiologia-dental-icon02.jpg\" alt=\"\" class=\"wp-image-161\" srcset=\"https:\/\/3dent.es\/wp-content\/uploads\/2020\/11\/precios-competitivos-radiologia-dental-icon02.jpg 170w, https:\/\/3dent.es\/wp-content\/uploads\/2020\/11\/precios-competitivos-radiologia-dental-icon02-150x150.jpg 150w\" sizes=\"auto, (max-width: 170px) 100vw, 170px\" \/><\/figure>\n\n\n\n<h4 class=\"wp-block-heading has-text-align-center\">PRECIOS COMPETITIVOS<\/h4>\n\n\n\n<p class=\"has-text-align-center has-normal-font-size\">Ofrecemos el mejor precio de la zona, sin perder en calidad. Adem\u00e1s, realizamos esc\u00e1neres sectoriales para un menor coste y exposici\u00f3n a la radiaci\u00f3n.<\/p>\n<\/div>\n\n\n\n<div class=\"wp-block-column is-layout-flow wp-block-column-is-layout-flow\">\n<figure class=\"wp-block-image size-large\"><img loading=\"lazy\" decoding=\"async\" width=\"170\" height=\"170\" src=\"https:\/\/3dent.es\/wp-content\/uploads\/2020\/11\/imagenes-radiologicas-calidad-icon02.jpg\" alt=\"\" class=\"wp-image-162\" srcset=\"https:\/\/3dent.es\/wp-content\/uploads\/2020\/11\/imagenes-radiologicas-calidad-icon02.jpg 170w, https:\/\/3dent.es\/wp-content\/uploads\/2020\/11\/imagenes-radiologicas-calidad-icon02-150x150.jpg 150w\" sizes=\"auto, (max-width: 170px) 100vw, 170px\" \/><\/figure>\n\n\n\n<h4 class=\"wp-block-heading has-text-align-center\">IM\u00c1GENES DE ALTA CALIDAD<\/h4>\n\n\n\n<p class=\"has-text-align-center has-normal-font-size\">Realizamos esc\u00e1neres de alta calidad, facilitando el diagn\u00f3stico adecuado y reduciendo el riesgo al m\u00e1ximo para los clientes.<\/p>\n<\/div>\n\n\n\n<div class=\"wp-block-column is-layout-flow wp-block-column-is-layout-flow\">\n<figure class=\"wp-block-image size-large\"><img loading=\"lazy\" decoding=\"async\" width=\"170\" height=\"170\" src=\"https:\/\/3dent.es\/wp-content\/uploads\/2020\/11\/tecnologia-avanzada-radiologia-dental-icon02.jpg\" alt=\"\" class=\"wp-image-163\" srcset=\"https:\/\/3dent.es\/wp-content\/uploads\/2020\/11\/tecnologia-avanzada-radiologia-dental-icon02.jpg 170w, https:\/\/3dent.es\/wp-content\/uploads\/2020\/11\/tecnologia-avanzada-radiologia-dental-icon02-150x150.jpg 150w\" sizes=\"auto, (max-width: 170px) 100vw, 170px\" \/><\/figure>\n\n\n\n<h4 class=\"wp-block-heading has-text-align-center\">LA TECNOLOG\u00cdA M\u00c1S AVANZADA<\/h4>\n\n\n\n<p class=\"has-text-align-center has-normal-font-size\">Disponemos de los equipos y la tecnolog\u00eda m\u00e1s avanzada para ofrecer un servicio de radiolog\u00eda dental de calidad con la m\u00ednima radiaci\u00f3n.<\/p>\n<\/div>\n<\/div>\n\n\n\n<div class=\"wp-block-columns is-layout-flex wp-container-core-columns-is-layout-9d6595d7 wp-block-columns-is-layout-flex\">\n<div class=\"wp-block-column is-layout-flow wp-block-column-is-layout-flow\">\n<figure class=\"wp-block-image size-large\"><img loading=\"lazy\" decoding=\"async\" width=\"170\" height=\"170\" src=\"https:\/\/3dent.es\/wp-content\/uploads\/2020\/11\/atencion-personalizada-radiologia-dental-icon02.jpg\" alt=\"\" class=\"wp-image-164\" srcset=\"https:\/\/3dent.es\/wp-content\/uploads\/2020\/11\/atencion-personalizada-radiologia-dental-icon02.jpg 170w, https:\/\/3dent.es\/wp-content\/uploads\/2020\/11\/atencion-personalizada-radiologia-dental-icon02-150x150.jpg 150w\" sizes=\"auto, (max-width: 170px) 100vw, 170px\" \/><\/figure>\n\n\n\n<h4 class=\"wp-block-heading has-text-align-center\">SERVICIO Y ATENCI\u00d3N PERSONALIZADA<\/h4>\n\n\n\n<p class=\"has-text-align-center has-normal-font-size\">Servicios como obtener cita el mismo d\u00eda, pruebas radiol\u00f3gicas instant\u00e1neas, programas de formaci\u00f3n,  y todo ello con la mejor atenci\u00f3n.<\/p>\n<\/div>\n\n\n\n<div class=\"wp-block-column is-layout-flow wp-block-column-is-layout-flow\">\n<figure class=\"wp-block-image size-large\"><img loading=\"lazy\" decoding=\"async\" width=\"170\" height=\"170\" src=\"https:\/\/3dent.es\/wp-content\/uploads\/2020\/11\/ubicacion-radiologia-dental-icon02.jpg\" alt=\"\" class=\"wp-image-165\" srcset=\"https:\/\/3dent.es\/wp-content\/uploads\/2020\/11\/ubicacion-radiologia-dental-icon02.jpg 170w, https:\/\/3dent.es\/wp-content\/uploads\/2020\/11\/ubicacion-radiologia-dental-icon02-150x150.jpg 150w\" sizes=\"auto, (max-width: 170px) 100vw, 170px\" \/><\/figure>\n\n\n\n<h4 class=\"wp-block-heading has-text-align-center\">EXCELENTE UBICACI\u00d3N<\/h4>\n\n\n\n<p class=\"has-text-align-center has-normal-font-size\">Estamos ubicados en Puerto de Sagunto, cerca de las cl\u00ednicas dentales de Valencia y Castell\u00f3n, cuentan con excelentes comunicaciones por carretera y transporte p\u00fablico para facilitar el acceso a los pacientes.<\/p>\n<\/div>\n\n\n\n<div class=\"wp-block-column is-layout-flow wp-block-column-is-layout-flow\">\n<figure class=\"wp-block-image size-large\"><img loading=\"lazy\" decoding=\"async\" width=\"170\" height=\"170\" src=\"https:\/\/3dent.es\/wp-content\/uploads\/2020\/11\/personal-cualificado-radiologia-dental-icon02.jpg\" alt=\"\" class=\"wp-image-166\" srcset=\"https:\/\/3dent.es\/wp-content\/uploads\/2020\/11\/personal-cualificado-radiologia-dental-icon02.jpg 170w, https:\/\/3dent.es\/wp-content\/uploads\/2020\/11\/personal-cualificado-radiologia-dental-icon02-150x150.jpg 150w\" sizes=\"auto, (max-width: 170px) 100vw, 170px\" \/><\/figure>\n\n\n\n<h4 class=\"wp-block-heading has-text-align-center\">PERSONAL ALTAMENTE CUALIFICADO<\/h4>\n\n\n\n<p class=\"has-text-align-center has-normal-font-size\">Nuestro departamento t\u00e9cnico y asesor radiol\u00f3gico, est\u00e1 disponible para cualquier duda, consulta o ayuda t\u00e9cnica que necesite y de forma instant\u00e1nea.<\/p>\n<\/div>\n<\/div>\n\n\n\n<div style=\"height:100px\" aria-hidden=\"true\" class=\"wp-block-spacer\"><\/div>\n","protected":false},"excerpt":{"rendered":"<p>TU CENTRO DE DIAGN\u00d3STICO RADIOL\u00d3GICO DENTAL En nuestro centro radiol\u00f3gico dental 3DENT, te ofrecemos la mejor atenci\u00f3n con las herramientas y dispositivos m\u00e1s avanzados para garantizar a nuestros clientes un diagn\u00f3stico radiol\u00f3gico dental de calidad. 3DENT es un centro independiente sin vinculaci\u00f3n con ninguna cl\u00ednica dental. Te ofrecemos los mejores servicios Somos el \u00fanico centro [&hellip;]<\/p>\n","protected":false},"author":1,"featured_media":0,"parent":0,"menu_order":0,"comment_status":"closed","ping_status":"closed","template":"","meta":{"_joinchat":[],"footnotes":""},"class_list":["post-174","page","type-page","status-publish","hentry","entry"],"yoast_head":"<!-- This site is optimized with the Yoast SEO plugin v27.4 - https:\/\/yoast.com\/product\/yoast-seo-wordpress\/ -->\n<title>CENTRO RADIOL\u00d3GICO DENTAL - 3DENT<\/title>\n<meta name=\"description\" content=\"Te ofrecemos la mejor atenci\u00f3n y las herramientas y dispositivos m\u00e1s avanzados para garantizar un diagn\u00f3stico radiol\u00f3gico dental de calidad.\" \/>\n<meta name=\"robots\" content=\"index, follow, max-snippet:-1, max-image-preview:large, max-video-preview:-1\" \/>\n<link rel=\"canonical\" href=\"https:\/\/3dent.es\/\" \/>\n<meta property=\"og:locale\" content=\"es_ES\" \/>\n<meta property=\"og:type\" content=\"article\" \/>\n<meta property=\"og:title\" content=\"CENTRO RADIOL\u00d3GICO DENTAL - 3DENT\" \/>\n<meta property=\"og:description\" content=\"Te ofrecemos la mejor atenci\u00f3n y las herramientas y dispositivos m\u00e1s avanzados para garantizar un diagn\u00f3stico radiol\u00f3gico dental de calidad.\" \/>\n<meta property=\"og:url\" content=\"https:\/\/3dent.es\/\" \/>\n<meta property=\"og:site_name\" content=\"3DENT\" \/>\n<meta property=\"article:modified_time\" content=\"2024-03-26T09:32:23+00:00\" \/>\n<meta property=\"og:image\" content=\"http:\/\/3dent.es\/wp-content\/uploads\/2020\/11\/centro-radiologico-3dent02.jpg\" \/>\n<meta name=\"twitter:card\" content=\"summary_large_image\" \/>\n<meta name=\"twitter:label1\" content=\"Tiempo de lectura\" \/>\n\t<meta name=\"twitter:data1\" content=\"3 minutos\" \/>\n<script type=\"application\/ld+json\" class=\"yoast-schema-graph\">{\"@context\":\"https:\\\/\\\/schema.org\",\"@graph\":[{\"@type\":\"WebPage\",\"@id\":\"https:\\\/\\\/3dent.es\\\/\",\"url\":\"https:\\\/\\\/3dent.es\\\/\",\"name\":\"CENTRO RADIOL\u00d3GICO DENTAL - 3DENT\",\"isPartOf\":{\"@id\":\"https:\\\/\\\/3dent.es\\\/#website\"},\"primaryImageOfPage\":{\"@id\":\"https:\\\/\\\/3dent.es\\\/#primaryimage\"},\"image\":{\"@id\":\"https:\\\/\\\/3dent.es\\\/#primaryimage\"},\"thumbnailUrl\":\"http:\\\/\\\/3dent.es\\\/wp-content\\\/uploads\\\/2020\\\/11\\\/centro-radiologico-3dent02.jpg\",\"datePublished\":\"2020-11-28T17:58:45+00:00\",\"dateModified\":\"2024-03-26T09:32:23+00:00\",\"description\":\"Te ofrecemos la mejor atenci\u00f3n y las herramientas y dispositivos m\u00e1s avanzados para garantizar un diagn\u00f3stico radiol\u00f3gico dental de calidad.\",\"breadcrumb\":{\"@id\":\"https:\\\/\\\/3dent.es\\\/#breadcrumb\"},\"inLanguage\":\"es\",\"potentialAction\":[{\"@type\":\"ReadAction\",\"target\":[\"https:\\\/\\\/3dent.es\\\/\"]}]},{\"@type\":\"ImageObject\",\"inLanguage\":\"es\",\"@id\":\"https:\\\/\\\/3dent.es\\\/#primaryimage\",\"url\":\"http:\\\/\\\/3dent.es\\\/wp-content\\\/uploads\\\/2020\\\/11\\\/centro-radiologico-3dent02.jpg\",\"contentUrl\":\"http:\\\/\\\/3dent.es\\\/wp-content\\\/uploads\\\/2020\\\/11\\\/centro-radiologico-3dent02.jpg\"},{\"@type\":\"BreadcrumbList\",\"@id\":\"https:\\\/\\\/3dent.es\\\/#breadcrumb\",\"itemListElement\":[{\"@type\":\"ListItem\",\"position\":1,\"name\":\"Portada\",\"item\":\"https:\\\/\\\/3dent.es\\\/\"},{\"@type\":\"ListItem\",\"position\":2,\"name\":\"CENTRO RADIOL\u00d3GICO DENTAL\"}]},{\"@type\":\"WebSite\",\"@id\":\"https:\\\/\\\/3dent.es\\\/#website\",\"url\":\"https:\\\/\\\/3dent.es\\\/\",\"name\":\"3DENT\",\"description\":\"Centro Radiol\u00f3gico Dental\",\"publisher\":{\"@id\":\"https:\\\/\\\/3dent.es\\\/#organization\"},\"potentialAction\":[{\"@type\":\"SearchAction\",\"target\":{\"@type\":\"EntryPoint\",\"urlTemplate\":\"https:\\\/\\\/3dent.es\\\/?s={search_term_string}\"},\"query-input\":{\"@type\":\"PropertyValueSpecification\",\"valueRequired\":true,\"valueName\":\"search_term_string\"}}],\"inLanguage\":\"es\"},{\"@type\":\"Organization\",\"@id\":\"https:\\\/\\\/3dent.es\\\/#organization\",\"name\":\"3Dent\",\"url\":\"https:\\\/\\\/3dent.es\\\/\",\"logo\":{\"@type\":\"ImageObject\",\"inLanguage\":\"es\",\"@id\":\"https:\\\/\\\/3dent.es\\\/#\\\/schema\\\/logo\\\/image\\\/\",\"url\":\"http:\\\/\\\/3dent.es\\\/wp-content\\\/uploads\\\/2020\\\/11\\\/cropped-logo-3dent-centro-radiologico-dental-valencia-castellon-sagunto-1.png\",\"contentUrl\":\"http:\\\/\\\/3dent.es\\\/wp-content\\\/uploads\\\/2020\\\/11\\\/cropped-logo-3dent-centro-radiologico-dental-valencia-castellon-sagunto-1.png\",\"width\":449,\"height\":124,\"caption\":\"3Dent\"},\"image\":{\"@id\":\"https:\\\/\\\/3dent.es\\\/#\\\/schema\\\/logo\\\/image\\\/\"}}]}<\/script>\n<!-- \/ Yoast SEO plugin. -->","yoast_head_json":{"title":"CENTRO RADIOL\u00d3GICO DENTAL - 3DENT","description":"Te ofrecemos la mejor atenci\u00f3n y las herramientas y dispositivos m\u00e1s avanzados para garantizar un diagn\u00f3stico radiol\u00f3gico dental de calidad.","robots":{"index":"index","follow":"follow","max-snippet":"max-snippet:-1","max-image-preview":"max-image-preview:large","max-video-preview":"max-video-preview:-1"},"canonical":"https:\/\/3dent.es\/","og_locale":"es_ES","og_type":"article","og_title":"CENTRO RADIOL\u00d3GICO DENTAL - 3DENT","og_description":"Te ofrecemos la mejor atenci\u00f3n y las herramientas y dispositivos m\u00e1s avanzados para garantizar un diagn\u00f3stico radiol\u00f3gico dental de calidad.","og_url":"https:\/\/3dent.es\/","og_site_name":"3DENT","article_modified_time":"2024-03-26T09:32:23+00:00","og_image":[{"url":"http:\/\/3dent.es\/wp-content\/uploads\/2020\/11\/centro-radiologico-3dent02.jpg","type":"","width":"","height":""}],"twitter_card":"summary_large_image","twitter_misc":{"Tiempo de lectura":"3 minutos"},"schema":{"@context":"https:\/\/schema.org","@graph":[{"@type":"WebPage","@id":"https:\/\/3dent.es\/","url":"https:\/\/3dent.es\/","name":"CENTRO RADIOL\u00d3GICO DENTAL - 3DENT","isPartOf":{"@id":"https:\/\/3dent.es\/#website"},"primaryImageOfPage":{"@id":"https:\/\/3dent.es\/#primaryimage"},"image":{"@id":"https:\/\/3dent.es\/#primaryimage"},"thumbnailUrl":"http:\/\/3dent.es\/wp-content\/uploads\/2020\/11\/centro-radiologico-3dent02.jpg","datePublished":"2020-11-28T17:58:45+00:00","dateModified":"2024-03-26T09:32:23+00:00","description":"Te ofrecemos la mejor atenci\u00f3n y las herramientas y dispositivos m\u00e1s avanzados para garantizar un diagn\u00f3stico radiol\u00f3gico dental de calidad.","breadcrumb":{"@id":"https:\/\/3dent.es\/#breadcrumb"},"inLanguage":"es","potentialAction":[{"@type":"ReadAction","target":["https:\/\/3dent.es\/"]}]},{"@type":"ImageObject","inLanguage":"es","@id":"https:\/\/3dent.es\/#primaryimage","url":"http:\/\/3dent.es\/wp-content\/uploads\/2020\/11\/centro-radiologico-3dent02.jpg","contentUrl":"http:\/\/3dent.es\/wp-content\/uploads\/2020\/11\/centro-radiologico-3dent02.jpg"},{"@type":"BreadcrumbList","@id":"https:\/\/3dent.es\/#breadcrumb","itemListElement":[{"@type":"ListItem","position":1,"name":"Portada","item":"https:\/\/3dent.es\/"},{"@type":"ListItem","position":2,"name":"CENTRO RADIOL\u00d3GICO DENTAL"}]},{"@type":"WebSite","@id":"https:\/\/3dent.es\/#website","url":"https:\/\/3dent.es\/","name":"3DENT","description":"Centro Radiol\u00f3gico Dental","publisher":{"@id":"https:\/\/3dent.es\/#organization"},"potentialAction":[{"@type":"SearchAction","target":{"@type":"EntryPoint","urlTemplate":"https:\/\/3dent.es\/?s={search_term_string}"},"query-input":{"@type":"PropertyValueSpecification","valueRequired":true,"valueName":"search_term_string"}}],"inLanguage":"es"},{"@type":"Organization","@id":"https:\/\/3dent.es\/#organization","name":"3Dent","url":"https:\/\/3dent.es\/","logo":{"@type":"ImageObject","inLanguage":"es","@id":"https:\/\/3dent.es\/#\/schema\/logo\/image\/","url":"http:\/\/3dent.es\/wp-content\/uploads\/2020\/11\/cropped-logo-3dent-centro-radiologico-dental-valencia-castellon-sagunto-1.png","contentUrl":"http:\/\/3dent.es\/wp-content\/uploads\/2020\/11\/cropped-logo-3dent-centro-radiologico-dental-valencia-castellon-sagunto-1.png","width":449,"height":124,"caption":"3Dent"},"image":{"@id":"https:\/\/3dent.es\/#\/schema\/logo\/image\/"}}]}},"_links":{"self":[{"href":"https:\/\/3dent.es\/index.php\/wp-json\/wp\/v2\/pages\/174","targetHints":{"allow":["GET"]}}],"collection":[{"href":"https:\/\/3dent.es\/index.php\/wp-json\/wp\/v2\/pages"}],"about":[{"href":"https:\/\/3dent.es\/index.php\/wp-json\/wp\/v2\/types\/page"}],"author":[{"embeddable":true,"href":"https:\/\/3dent.es\/index.php\/wp-json\/wp\/v2\/users\/1"}],"replies":[{"embeddable":true,"href":"https:\/\/3dent.es\/index.php\/wp-json\/wp\/v2\/comments?post=174"}],"version-history":[{"count":15,"href":"https:\/\/3dent.es\/index.php\/wp-json\/wp\/v2\/pages\/174\/revisions"}],"predecessor-version":[{"id":351,"href":"https:\/\/3dent.es\/index.php\/wp-json\/wp\/v2\/pages\/174\/revisions\/351"}],"wp:attachment":[{"href":"https:\/\/3dent.es\/index.php\/wp-json\/wp\/v2\/media?parent=174"}],"curies":[{"name":"wp","href":"https:\/\/api.w.org\/{rel}","templated":true}]}}