{"id":51,"date":"2020-11-24T12:00:15","date_gmt":"2020-11-24T12:00:15","guid":{"rendered":"http:\/\/3dent.es\/?page_id=51"},"modified":"2021-02-03T09:11:46","modified_gmt":"2021-02-03T09:11:46","slug":"telerradiografia","status":"publish","type":"page","link":"https:\/\/3dent.es\/index.php\/telerradiografia\/","title":{"rendered":"TELERRADIOGRAF\u00cdA"},"content":{"rendered":"\n<h1 class=\"has-text-align-center wp-block-heading\"><strong>TELERRADIOGRAF\u00cdA<\/strong><\/h1>\n\n\n\n<div class=\"wp-block-columns is-layout-flex wp-container-core-columns-is-layout-9d6595d7 wp-block-columns-is-layout-flex\">\n<div class=\"wp-block-column is-layout-flow wp-block-column-is-layout-flow\">\n<figure class=\"wp-block-image size-large\"><img loading=\"lazy\" decoding=\"async\" width=\"800\" height=\"1024\" src=\"https:\/\/3dent.es\/wp-content\/uploads\/2020\/12\/telerradiografia-Lateral-800x1024.jpg\" alt=\"\" class=\"wp-image-255\" srcset=\"https:\/\/3dent.es\/wp-content\/uploads\/2020\/12\/telerradiografia-Lateral-800x1024.jpg 800w, https:\/\/3dent.es\/wp-content\/uploads\/2020\/12\/telerradiografia-Lateral-234x300.jpg 234w, https:\/\/3dent.es\/wp-content\/uploads\/2020\/12\/telerradiografia-Lateral-768x983.jpg 768w, https:\/\/3dent.es\/wp-content\/uploads\/2020\/12\/telerradiografia-Lateral.jpg 835w\" sizes=\"auto, (max-width: 800px) 100vw, 800px\" \/><\/figure>\n\n\n\n<figure class=\"wp-block-image size-large\"><img loading=\"lazy\" decoding=\"async\" width=\"624\" height=\"606\" src=\"https:\/\/3dent.es\/wp-content\/uploads\/2020\/12\/TELE-3.png\" alt=\"\" class=\"wp-image-256\" srcset=\"https:\/\/3dent.es\/wp-content\/uploads\/2020\/12\/TELE-3.png 624w, https:\/\/3dent.es\/wp-content\/uploads\/2020\/12\/TELE-3-300x291.png 300w\" sizes=\"auto, (max-width: 624px) 100vw, 624px\" \/><\/figure>\n<\/div>\n\n\n\n<div class=\"wp-block-column is-layout-flow wp-block-column-is-layout-flow\">\n<p>La telerradiograf\u00eda o radiograf\u00eda del cr\u00e1neo, es una t\u00e9cnica radiogr\u00e1fica extra-bucal mediante la cual se obtienen unas im\u00e1genes muy n\u00edtidas de los dientes y huesos de la cara del paciente. La telerradiograf\u00eda permite un estudio del crecimiento facial del paciente y una valoraci\u00f3n de las estructuras maxilares, mandibulares y sus relaciones con las bases craneales. Se caracteriza por ser tomada a cierta distancia del paciente.<br>En ocasiones, puede haber alg\u00fan inconveniente que es necesario reparar antes de la aplicaci\u00f3n de la ortodoncia. Es por eso que la telerradiograf\u00eda es una de las pruebas que con mayor frecuencia solicitan los profesionales de odontolog\u00eda. <\/p>\n\n\n\n<p>Utilizamos tecnolog\u00eda de \u00faltima generaci\u00f3n, reduciendo la radiaci\u00f3n a la que se expone el paciente y facilitando im\u00e1genes detalladas de gran nitidez en formato digital DICOM 1:1.<\/p>\n\n\n\n<p>Podemos atender a nuestros pacientes el mismo d\u00eda y les entregaremos los estudios en el momento. Las pruebas se entregan al paciente en soporte anal\u00f3gico, digital, o se env\u00edan telem\u00e1ticamente a su odont\u00f3logo o cirujano. Sin coste adicional.<\/p>\n\n\n\n<h3 class=\"wp-block-heading\"><strong>TIPOS DE TELERRADIOGRAF\u00cdA<\/strong><\/h3>\n\n\n\n<h3 class=\"wp-block-heading\"><strong>Telerradiograf\u00eda lateral<\/strong><\/h3>\n\n\n\n<p>Se solicita como examen complementario en estudio de ortodoncia, cirug\u00edas bucal y en el diagn\u00f3stico de las especialidades de ortodoncia, cirug\u00eda maxilofacial y pr\u00f3tesis, proporcionando registros antes y despu\u00e9s del tratamiento. Tambi\u00e9n para observar datos de un traumatismo, enfermedades o anomal\u00edas del desarrollo, para evaluar el crecimiento y el desarrollo facial. O bien para realizar una cefalometr\u00eda y analizar la anatom\u00eda cr\u00e1neo-facial, diferenciar las anomal\u00edas \u00f3seas y dento-alveolares, analizar las relaciones dentales y las v\u00edas a\u00e9reas y tejidos blandos.<\/p>\n\n\n\n<h3 class=\"wp-block-heading\"><strong>Telerradiograf\u00eda frontal<\/strong><\/h3>\n\n\n\n<p>Sirve para obtener una imagen frontal de las estructuras de inter\u00e9s a nivel craneal, para el estudio de asimetr\u00edas faciales y desviaciones de la l\u00ednea media. Las t\u00e9cnicas frontales m\u00e1s utilizadas son aquellas que permiten observar, fundamentalmente, los senos maxilares.<\/p>\n\n\n\n<hr class=\"wp-block-separator is-style-wide\"\/>\n\n\n\n<h3 class=\"wp-block-heading\"><strong>VENTAJAS DE LA TELERRADIOGRAF\u00cdA<\/strong><\/h3>\n\n\n\n<ul class=\"wp-block-list\"><li>Menor dosis de exposici\u00f3n.<\/li><li>Obtenci\u00f3n inmediata de la imagen.<\/li><li>Eliminaci\u00f3n del procesado qu\u00edmico.<\/li><li>Mayor precisi\u00f3n del diagn\u00f3stico dental.<\/li><li>Permite tratamiento de imagen.<\/li><li>Facilidad de almacenamiento.<\/li><\/ul>\n\n\n\n<h3 class=\"wp-block-heading\"><strong>CARACTER\u00cdSTICAS<\/strong><\/h3>\n\n\n\n<ul class=\"wp-block-list\"><li>Formato digital DICOM 1:1 escala real.<\/li><li>Ausencia total de movimiento.<\/li><li>Tecnolog\u00eda de \u00faltima generaci\u00f3n.<\/li><li>Sensores digitales ultrasensibles.<\/li><li>Im\u00e1genes con gran nitidez y riqueza de detalle.<\/li><li>M\u00ednima exposici\u00f3n a radiaci\u00f3n.<\/li><li>Entrega en el momento o env\u00edo telem\u00e1tico.<\/li><\/ul>\n\n\n\n<h3 class=\"wp-block-heading\"><strong><strong>PRUEBAS DE RADIOL\u00d3GIA DENTAL 2D<\/strong><\/strong><\/h3>\n\n\n\n<p>ORTOPANTOMOGRAF\u00cdA<br>TELERRADIOGRAF\u00cdA LATERAL<br>TELERRADIOGRAF\u00cdA FRONTAL<br>A.T.M. LATERAL Y POSTEROANTERIOR<br>C\u00c1LCULO DE LA EDAD \u00d3SEA<br>SENOS PARANASALES<\/p>\n<\/div>\n<\/div>\n","protected":false},"excerpt":{"rendered":"<p>TELERRADIOGRAF\u00cdA La telerradiograf\u00eda o radiograf\u00eda del cr\u00e1neo, es una t\u00e9cnica radiogr\u00e1fica extra-bucal mediante la cual se obtienen unas im\u00e1genes muy n\u00edtidas de los dientes y huesos de la cara del paciente. La telerradiograf\u00eda permite un estudio del crecimiento facial del paciente y una valoraci\u00f3n de las estructuras maxilares, mandibulares y sus relaciones con las bases [&hellip;]<\/p>\n","protected":false},"author":1,"featured_media":0,"parent":0,"menu_order":0,"comment_status":"closed","ping_status":"closed","template":"","meta":{"_joinchat":[],"footnotes":""},"class_list":["post-51","page","type-page","status-publish","hentry","entry"],"yoast_head":"<!-- This site is optimized with the Yoast SEO plugin v27.4 - https:\/\/yoast.com\/product\/yoast-seo-wordpress\/ -->\n<title>TELERRADIOGRAF\u00cdA - 3DENT<\/title>\n<meta name=\"robots\" content=\"index, follow, max-snippet:-1, max-image-preview:large, max-video-preview:-1\" \/>\n<link rel=\"canonical\" href=\"https:\/\/3dent.es\/index.php\/telerradiografia\/\" \/>\n<meta property=\"og:locale\" content=\"es_ES\" \/>\n<meta property=\"og:type\" content=\"article\" \/>\n<meta property=\"og:title\" content=\"TELERRADIOGRAF\u00cdA - 3DENT\" \/>\n<meta property=\"og:description\" content=\"TELERRADIOGRAF\u00cdA La telerradiograf\u00eda o radiograf\u00eda del cr\u00e1neo, es una t\u00e9cnica radiogr\u00e1fica extra-bucal mediante la cual se obtienen unas im\u00e1genes muy n\u00edtidas de los dientes y huesos de la cara del paciente. La telerradiograf\u00eda permite un estudio del crecimiento facial del paciente y una valoraci\u00f3n de las estructuras maxilares, mandibulares y sus relaciones con las bases [&hellip;]\" \/>\n<meta property=\"og:url\" content=\"https:\/\/3dent.es\/index.php\/telerradiografia\/\" \/>\n<meta property=\"og:site_name\" content=\"3DENT\" \/>\n<meta property=\"article:modified_time\" content=\"2021-02-03T09:11:46+00:00\" \/>\n<meta property=\"og:image\" content=\"http:\/\/3dent.es\/wp-content\/uploads\/2020\/12\/telerradiografia-Lateral-800x1024.jpg\" \/>\n<meta name=\"twitter:card\" content=\"summary_large_image\" \/>\n<meta name=\"twitter:label1\" content=\"Tiempo de lectura\" \/>\n\t<meta name=\"twitter:data1\" content=\"2 minutos\" \/>\n<script type=\"application\/ld+json\" class=\"yoast-schema-graph\">{\"@context\":\"https:\\\/\\\/schema.org\",\"@graph\":[{\"@type\":\"WebPage\",\"@id\":\"https:\\\/\\\/3dent.es\\\/index.php\\\/telerradiografia\\\/\",\"url\":\"https:\\\/\\\/3dent.es\\\/index.php\\\/telerradiografia\\\/\",\"name\":\"TELERRADIOGRAF\u00cdA - 3DENT\",\"isPartOf\":{\"@id\":\"https:\\\/\\\/3dent.es\\\/#website\"},\"primaryImageOfPage\":{\"@id\":\"https:\\\/\\\/3dent.es\\\/index.php\\\/telerradiografia\\\/#primaryimage\"},\"image\":{\"@id\":\"https:\\\/\\\/3dent.es\\\/index.php\\\/telerradiografia\\\/#primaryimage\"},\"thumbnailUrl\":\"http:\\\/\\\/3dent.es\\\/wp-content\\\/uploads\\\/2020\\\/12\\\/telerradiografia-Lateral-800x1024.jpg\",\"datePublished\":\"2020-11-24T12:00:15+00:00\",\"dateModified\":\"2021-02-03T09:11:46+00:00\",\"breadcrumb\":{\"@id\":\"https:\\\/\\\/3dent.es\\\/index.php\\\/telerradiografia\\\/#breadcrumb\"},\"inLanguage\":\"es\",\"potentialAction\":[{\"@type\":\"ReadAction\",\"target\":[\"https:\\\/\\\/3dent.es\\\/index.php\\\/telerradiografia\\\/\"]}]},{\"@type\":\"ImageObject\",\"inLanguage\":\"es\",\"@id\":\"https:\\\/\\\/3dent.es\\\/index.php\\\/telerradiografia\\\/#primaryimage\",\"url\":\"http:\\\/\\\/3dent.es\\\/wp-content\\\/uploads\\\/2020\\\/12\\\/telerradiografia-Lateral-800x1024.jpg\",\"contentUrl\":\"http:\\\/\\\/3dent.es\\\/wp-content\\\/uploads\\\/2020\\\/12\\\/telerradiografia-Lateral-800x1024.jpg\"},{\"@type\":\"BreadcrumbList\",\"@id\":\"https:\\\/\\\/3dent.es\\\/index.php\\\/telerradiografia\\\/#breadcrumb\",\"itemListElement\":[{\"@type\":\"ListItem\",\"position\":1,\"name\":\"Portada\",\"item\":\"https:\\\/\\\/3dent.es\\\/\"},{\"@type\":\"ListItem\",\"position\":2,\"name\":\"TELERRADIOGRAF\u00cdA\"}]},{\"@type\":\"WebSite\",\"@id\":\"https:\\\/\\\/3dent.es\\\/#website\",\"url\":\"https:\\\/\\\/3dent.es\\\/\",\"name\":\"3DENT\",\"description\":\"Centro Radiol\u00f3gico Dental\",\"publisher\":{\"@id\":\"https:\\\/\\\/3dent.es\\\/#organization\"},\"potentialAction\":[{\"@type\":\"SearchAction\",\"target\":{\"@type\":\"EntryPoint\",\"urlTemplate\":\"https:\\\/\\\/3dent.es\\\/?s={search_term_string}\"},\"query-input\":{\"@type\":\"PropertyValueSpecification\",\"valueRequired\":true,\"valueName\":\"search_term_string\"}}],\"inLanguage\":\"es\"},{\"@type\":\"Organization\",\"@id\":\"https:\\\/\\\/3dent.es\\\/#organization\",\"name\":\"3Dent\",\"url\":\"https:\\\/\\\/3dent.es\\\/\",\"logo\":{\"@type\":\"ImageObject\",\"inLanguage\":\"es\",\"@id\":\"https:\\\/\\\/3dent.es\\\/#\\\/schema\\\/logo\\\/image\\\/\",\"url\":\"http:\\\/\\\/3dent.es\\\/wp-content\\\/uploads\\\/2020\\\/11\\\/cropped-logo-3dent-centro-radiologico-dental-valencia-castellon-sagunto-1.png\",\"contentUrl\":\"http:\\\/\\\/3dent.es\\\/wp-content\\\/uploads\\\/2020\\\/11\\\/cropped-logo-3dent-centro-radiologico-dental-valencia-castellon-sagunto-1.png\",\"width\":449,\"height\":124,\"caption\":\"3Dent\"},\"image\":{\"@id\":\"https:\\\/\\\/3dent.es\\\/#\\\/schema\\\/logo\\\/image\\\/\"}}]}<\/script>\n<!-- \/ Yoast SEO plugin. -->","yoast_head_json":{"title":"TELERRADIOGRAF\u00cdA - 3DENT","robots":{"index":"index","follow":"follow","max-snippet":"max-snippet:-1","max-image-preview":"max-image-preview:large","max-video-preview":"max-video-preview:-1"},"canonical":"https:\/\/3dent.es\/index.php\/telerradiografia\/","og_locale":"es_ES","og_type":"article","og_title":"TELERRADIOGRAF\u00cdA - 3DENT","og_description":"TELERRADIOGRAF\u00cdA La telerradiograf\u00eda o radiograf\u00eda del cr\u00e1neo, es una t\u00e9cnica radiogr\u00e1fica extra-bucal mediante la cual se obtienen unas im\u00e1genes muy n\u00edtidas de los dientes y huesos de la cara del paciente. La telerradiograf\u00eda permite un estudio del crecimiento facial del paciente y una valoraci\u00f3n de las estructuras maxilares, mandibulares y sus relaciones con las bases [&hellip;]","og_url":"https:\/\/3dent.es\/index.php\/telerradiografia\/","og_site_name":"3DENT","article_modified_time":"2021-02-03T09:11:46+00:00","og_image":[{"url":"http:\/\/3dent.es\/wp-content\/uploads\/2020\/12\/telerradiografia-Lateral-800x1024.jpg","type":"","width":"","height":""}],"twitter_card":"summary_large_image","twitter_misc":{"Tiempo de lectura":"2 minutos"},"schema":{"@context":"https:\/\/schema.org","@graph":[{"@type":"WebPage","@id":"https:\/\/3dent.es\/index.php\/telerradiografia\/","url":"https:\/\/3dent.es\/index.php\/telerradiografia\/","name":"TELERRADIOGRAF\u00cdA - 3DENT","isPartOf":{"@id":"https:\/\/3dent.es\/#website"},"primaryImageOfPage":{"@id":"https:\/\/3dent.es\/index.php\/telerradiografia\/#primaryimage"},"image":{"@id":"https:\/\/3dent.es\/index.php\/telerradiografia\/#primaryimage"},"thumbnailUrl":"http:\/\/3dent.es\/wp-content\/uploads\/2020\/12\/telerradiografia-Lateral-800x1024.jpg","datePublished":"2020-11-24T12:00:15+00:00","dateModified":"2021-02-03T09:11:46+00:00","breadcrumb":{"@id":"https:\/\/3dent.es\/index.php\/telerradiografia\/#breadcrumb"},"inLanguage":"es","potentialAction":[{"@type":"ReadAction","target":["https:\/\/3dent.es\/index.php\/telerradiografia\/"]}]},{"@type":"ImageObject","inLanguage":"es","@id":"https:\/\/3dent.es\/index.php\/telerradiografia\/#primaryimage","url":"http:\/\/3dent.es\/wp-content\/uploads\/2020\/12\/telerradiografia-Lateral-800x1024.jpg","contentUrl":"http:\/\/3dent.es\/wp-content\/uploads\/2020\/12\/telerradiografia-Lateral-800x1024.jpg"},{"@type":"BreadcrumbList","@id":"https:\/\/3dent.es\/index.php\/telerradiografia\/#breadcrumb","itemListElement":[{"@type":"ListItem","position":1,"name":"Portada","item":"https:\/\/3dent.es\/"},{"@type":"ListItem","position":2,"name":"TELERRADIOGRAF\u00cdA"}]},{"@type":"WebSite","@id":"https:\/\/3dent.es\/#website","url":"https:\/\/3dent.es\/","name":"3DENT","description":"Centro Radiol\u00f3gico Dental","publisher":{"@id":"https:\/\/3dent.es\/#organization"},"potentialAction":[{"@type":"SearchAction","target":{"@type":"EntryPoint","urlTemplate":"https:\/\/3dent.es\/?s={search_term_string}"},"query-input":{"@type":"PropertyValueSpecification","valueRequired":true,"valueName":"search_term_string"}}],"inLanguage":"es"},{"@type":"Organization","@id":"https:\/\/3dent.es\/#organization","name":"3Dent","url":"https:\/\/3dent.es\/","logo":{"@type":"ImageObject","inLanguage":"es","@id":"https:\/\/3dent.es\/#\/schema\/logo\/image\/","url":"http:\/\/3dent.es\/wp-content\/uploads\/2020\/11\/cropped-logo-3dent-centro-radiologico-dental-valencia-castellon-sagunto-1.png","contentUrl":"http:\/\/3dent.es\/wp-content\/uploads\/2020\/11\/cropped-logo-3dent-centro-radiologico-dental-valencia-castellon-sagunto-1.png","width":449,"height":124,"caption":"3Dent"},"image":{"@id":"https:\/\/3dent.es\/#\/schema\/logo\/image\/"}}]}},"_links":{"self":[{"href":"https:\/\/3dent.es\/index.php\/wp-json\/wp\/v2\/pages\/51","targetHints":{"allow":["GET"]}}],"collection":[{"href":"https:\/\/3dent.es\/index.php\/wp-json\/wp\/v2\/pages"}],"about":[{"href":"https:\/\/3dent.es\/index.php\/wp-json\/wp\/v2\/types\/page"}],"author":[{"embeddable":true,"href":"https:\/\/3dent.es\/index.php\/wp-json\/wp\/v2\/users\/1"}],"replies":[{"embeddable":true,"href":"https:\/\/3dent.es\/index.php\/wp-json\/wp\/v2\/comments?post=51"}],"version-history":[{"count":7,"href":"https:\/\/3dent.es\/index.php\/wp-json\/wp\/v2\/pages\/51\/revisions"}],"predecessor-version":[{"id":291,"href":"https:\/\/3dent.es\/index.php\/wp-json\/wp\/v2\/pages\/51\/revisions\/291"}],"wp:attachment":[{"href":"https:\/\/3dent.es\/index.php\/wp-json\/wp\/v2\/media?parent=51"}],"curies":[{"name":"wp","href":"https:\/\/api.w.org\/{rel}","templated":true}]}}