{"id":8,"date":"2020-11-17T19:13:29","date_gmt":"2020-11-17T19:13:29","guid":{"rendered":"http:\/\/3dent.es\/?page_id=8"},"modified":"2024-03-26T09:25:27","modified_gmt":"2024-03-26T09:25:27","slug":"centro-3dent","status":"publish","type":"page","link":"https:\/\/3dent.es\/index.php\/centro-3dent\/","title":{"rendered":"CENTRO 3DENT"},"content":{"rendered":"\n<h1 class=\"wp-block-heading has-text-align-center\">CENTRO DE DIAGN\u00d3STICO RADIOL\u00d3GICO DENTAL 3DENT<\/h1>\n\n\n\n<div style=\"height:48px\" aria-hidden=\"true\" class=\"wp-block-spacer\"><\/div>\n\n\n\n<div class=\"wp-block-columns is-layout-flex wp-container-core-columns-is-layout-9d6595d7 wp-block-columns-is-layout-flex\">\n<div class=\"wp-block-column is-layout-flow wp-block-column-is-layout-flow\">\n<figure class=\"wp-block-image size-large\"><img loading=\"lazy\" decoding=\"async\" width=\"800\" height=\"552\" src=\"https:\/\/3dent.es\/wp-content\/uploads\/2020\/11\/centro-radiologico-3dent01.jpg\" alt=\"\" class=\"wp-image-158\" srcset=\"https:\/\/3dent.es\/wp-content\/uploads\/2020\/11\/centro-radiologico-3dent01.jpg 800w, https:\/\/3dent.es\/wp-content\/uploads\/2020\/11\/centro-radiologico-3dent01-300x207.jpg 300w, https:\/\/3dent.es\/wp-content\/uploads\/2020\/11\/centro-radiologico-3dent01-768x530.jpg 768w, https:\/\/3dent.es\/wp-content\/uploads\/2020\/11\/centro-radiologico-3dent01-200x138.jpg 200w\" sizes=\"auto, (max-width: 800px) 100vw, 800px\" \/><\/figure>\n\n\n\n<figure class=\"wp-block-image size-large\"><img loading=\"lazy\" decoding=\"async\" width=\"800\" height=\"552\" src=\"https:\/\/3dent.es\/wp-content\/uploads\/2020\/11\/centro-radiologico-3dent02.jpg\" alt=\"\" class=\"wp-image-159\" srcset=\"https:\/\/3dent.es\/wp-content\/uploads\/2020\/11\/centro-radiologico-3dent02.jpg 800w, https:\/\/3dent.es\/wp-content\/uploads\/2020\/11\/centro-radiologico-3dent02-300x207.jpg 300w, https:\/\/3dent.es\/wp-content\/uploads\/2020\/11\/centro-radiologico-3dent02-768x530.jpg 768w, https:\/\/3dent.es\/wp-content\/uploads\/2020\/11\/centro-radiologico-3dent02-200x138.jpg 200w\" sizes=\"auto, (max-width: 800px) 100vw, 800px\" \/><\/figure>\n<\/div>\n\n\n\n<div class=\"wp-block-column is-layout-flow wp-block-column-is-layout-flow\">\n<p class=\"has-text-align-left\">3DENT es un centro independiente, sin vinculaci\u00f3n con ninguna cl\u00ednica dental, dedicado exclusivamente al diagn\u00f3stico radiol\u00f3gico dental con la tecnolog\u00eda m\u00e1s avanzada del mercado. <br><br>Nuestro equipo est\u00e1 formado por un grupo de profesionales altamente cualificados, avalado por muchos a\u00f1os de experiencia en el sector de la radiolog\u00eda dental en Valencia.<br><br>Ofrecemos una gran variedad de servicios en unas modernas instalaciones, siendo el \u00fanico centro radiol\u00f3gico dental de la zona de Sagunto y Puerto de Sagunto. Adem\u00e1s, nuestro centro radiol\u00f3gico est\u00e1 situado de manera estrat\u00e9gica para facilitar el acceso a pacientes de Valencia y Castell\u00f3n.<br><br>Usamos la tecnolog\u00eda m\u00e1s avanzada en el campo de la radiolog\u00eda dental y maxilofacial. Nuestros equipos de \u00faltima generaci\u00f3n mejoran el rendimiento de los procesos de estudio odontol\u00f3gicos, aportando una alta calidad de imagen digital y optimizando el tiempo de procesamiento de datos.<br><\/p>\n<\/div>\n<\/div>\n\n\n\n<div style=\"height:100px\" aria-hidden=\"true\" class=\"wp-block-spacer\"><\/div>\n\n\n\n<h2 class=\"wp-block-heading has-text-align-center\">\u00bfPor qu\u00e9 nos eligen nuestros clientes?<\/h2>\n\n\n\n<p class=\"has-text-align-center\">Aunque somos el \u00fanico centro en Sagunto y alrededores, existen otros centros de diagn\u00f3stico radiol\u00f3gico dental en Valencia y Castell\u00f3n, pero pocos que ofrezcan tantos servicios, una excelente ubicaci\u00f3n y precios tan competitivos como 3DENT.<\/p>\n\n\n\n<div style=\"height:79px\" aria-hidden=\"true\" class=\"wp-block-spacer\"><\/div>\n\n\n\n<div class=\"wp-block-columns is-layout-flex wp-container-core-columns-is-layout-9d6595d7 wp-block-columns-is-layout-flex\">\n<div class=\"wp-block-column is-layout-flow wp-block-column-is-layout-flow\">\n<figure class=\"wp-block-image size-large\"><img loading=\"lazy\" decoding=\"async\" width=\"170\" height=\"170\" src=\"https:\/\/3dent.es\/wp-content\/uploads\/2020\/11\/precios-competitivos-radiologia-dental-icon02.jpg\" alt=\"\" class=\"wp-image-161\" srcset=\"https:\/\/3dent.es\/wp-content\/uploads\/2020\/11\/precios-competitivos-radiologia-dental-icon02.jpg 170w, https:\/\/3dent.es\/wp-content\/uploads\/2020\/11\/precios-competitivos-radiologia-dental-icon02-150x150.jpg 150w\" sizes=\"auto, (max-width: 170px) 100vw, 170px\" \/><\/figure>\n\n\n\n<h4 class=\"wp-block-heading has-text-align-center\">PRECIOS COMPETITIVOS<\/h4>\n\n\n\n<p class=\"has-text-align-center has-normal-font-size\">Ofrecemos el mejor precio de la zona, sin perder en calidad. Adem\u00e1s, realizamos esc\u00e1neres sectoriales para un menor coste y exposici\u00f3n a la radiaci\u00f3n.<\/p>\n<\/div>\n\n\n\n<div class=\"wp-block-column is-layout-flow wp-block-column-is-layout-flow\">\n<figure class=\"wp-block-image size-large\"><img loading=\"lazy\" decoding=\"async\" width=\"170\" height=\"170\" src=\"https:\/\/3dent.es\/wp-content\/uploads\/2020\/11\/imagenes-radiologicas-calidad-icon02.jpg\" alt=\"\" class=\"wp-image-162\" srcset=\"https:\/\/3dent.es\/wp-content\/uploads\/2020\/11\/imagenes-radiologicas-calidad-icon02.jpg 170w, https:\/\/3dent.es\/wp-content\/uploads\/2020\/11\/imagenes-radiologicas-calidad-icon02-150x150.jpg 150w\" sizes=\"auto, (max-width: 170px) 100vw, 170px\" \/><\/figure>\n\n\n\n<h4 class=\"wp-block-heading has-text-align-center\">IM\u00c1GENES DE ALTA CALIDAD<\/h4>\n\n\n\n<p class=\"has-text-align-center has-normal-font-size\">Realizamos esc\u00e1neres de alta calidad, facilitando el diagn\u00f3stico adecuado y reduciendo el riesgo al m\u00e1ximo para los clientes.<\/p>\n<\/div>\n\n\n\n<div class=\"wp-block-column is-layout-flow wp-block-column-is-layout-flow\">\n<figure class=\"wp-block-image size-large\"><img loading=\"lazy\" decoding=\"async\" width=\"170\" height=\"170\" src=\"https:\/\/3dent.es\/wp-content\/uploads\/2020\/11\/tecnologia-avanzada-radiologia-dental-icon02.jpg\" alt=\"\" class=\"wp-image-163\" srcset=\"https:\/\/3dent.es\/wp-content\/uploads\/2020\/11\/tecnologia-avanzada-radiologia-dental-icon02.jpg 170w, https:\/\/3dent.es\/wp-content\/uploads\/2020\/11\/tecnologia-avanzada-radiologia-dental-icon02-150x150.jpg 150w\" sizes=\"auto, (max-width: 170px) 100vw, 170px\" \/><\/figure>\n\n\n\n<h4 class=\"wp-block-heading has-text-align-center\">LA TECNOLOG\u00cdA M\u00c1S AVANZADA<\/h4>\n\n\n\n<p class=\"has-text-align-center has-normal-font-size\">Disponemos de los equipos y la tecnolog\u00eda m\u00e1s avanzada para ofrecer un servicio de radiolog\u00eda dental de calidad con la m\u00ednima radiaci\u00f3n.<\/p>\n<\/div>\n<\/div>\n\n\n\n<div class=\"wp-block-columns is-layout-flex wp-container-core-columns-is-layout-9d6595d7 wp-block-columns-is-layout-flex\">\n<div class=\"wp-block-column is-layout-flow wp-block-column-is-layout-flow\">\n<figure class=\"wp-block-image size-large\"><img loading=\"lazy\" decoding=\"async\" width=\"170\" height=\"170\" src=\"https:\/\/3dent.es\/wp-content\/uploads\/2020\/11\/atencion-personalizada-radiologia-dental-icon02.jpg\" alt=\"\" class=\"wp-image-164\" srcset=\"https:\/\/3dent.es\/wp-content\/uploads\/2020\/11\/atencion-personalizada-radiologia-dental-icon02.jpg 170w, https:\/\/3dent.es\/wp-content\/uploads\/2020\/11\/atencion-personalizada-radiologia-dental-icon02-150x150.jpg 150w\" sizes=\"auto, (max-width: 170px) 100vw, 170px\" \/><\/figure>\n\n\n\n<h4 class=\"wp-block-heading has-text-align-center\">SERVICIO Y ATENCI\u00d3N PERSONALIZADA<\/h4>\n\n\n\n<p class=\"has-text-align-center has-normal-font-size\">Servicios como obtener cita el mismo d\u00eda, pruebas radiol\u00f3gicas instant\u00e1neas, programas de formaci\u00f3n,  y todo ello con la mejor atenci\u00f3n.<\/p>\n<\/div>\n\n\n\n<div class=\"wp-block-column is-layout-flow wp-block-column-is-layout-flow\">\n<figure class=\"wp-block-image size-large\"><img loading=\"lazy\" decoding=\"async\" width=\"170\" height=\"170\" src=\"https:\/\/3dent.es\/wp-content\/uploads\/2020\/11\/ubicacion-radiologia-dental-icon02.jpg\" alt=\"\" class=\"wp-image-165\" srcset=\"https:\/\/3dent.es\/wp-content\/uploads\/2020\/11\/ubicacion-radiologia-dental-icon02.jpg 170w, https:\/\/3dent.es\/wp-content\/uploads\/2020\/11\/ubicacion-radiologia-dental-icon02-150x150.jpg 150w\" sizes=\"auto, (max-width: 170px) 100vw, 170px\" \/><\/figure>\n\n\n\n<h4 class=\"wp-block-heading has-text-align-center\">EXCELENTE UBICACI\u00d3N<\/h4>\n\n\n\n<p class=\"has-text-align-center has-normal-font-size\">Estamos ubicados en Puerto de Sagunto, cerca de las cl\u00ednicas dentales de Valencia y Castell\u00f3n, cuentan con excelentes comunicaciones por carretera y transporte p\u00fablico para facilitar el acceso a los pacientes.<\/p>\n<\/div>\n\n\n\n<div class=\"wp-block-column is-layout-flow wp-block-column-is-layout-flow\">\n<figure class=\"wp-block-image size-large\"><img loading=\"lazy\" decoding=\"async\" width=\"170\" height=\"170\" src=\"https:\/\/3dent.es\/wp-content\/uploads\/2020\/11\/personal-cualificado-radiologia-dental-icon02.jpg\" alt=\"\" class=\"wp-image-166\" srcset=\"https:\/\/3dent.es\/wp-content\/uploads\/2020\/11\/personal-cualificado-radiologia-dental-icon02.jpg 170w, https:\/\/3dent.es\/wp-content\/uploads\/2020\/11\/personal-cualificado-radiologia-dental-icon02-150x150.jpg 150w\" sizes=\"auto, (max-width: 170px) 100vw, 170px\" \/><\/figure>\n\n\n\n<h4 class=\"wp-block-heading has-text-align-center\">PERSONAL ALTAMENTE CUALIFICADO<\/h4>\n\n\n\n<p class=\"has-text-align-center has-normal-font-size\">Nuestro departamento t\u00e9cnico y asesor radiol\u00f3gico, est\u00e1 disponible para cualquier duda, consulta o ayuda t\u00e9cnica que necesite y de forma instant\u00e1nea.<\/p>\n<\/div>\n<\/div>\n\n\n\n<div style=\"height:100px\" aria-hidden=\"true\" class=\"wp-block-spacer\"><\/div>\n","protected":false},"excerpt":{"rendered":"<p>CENTRO DE DIAGN\u00d3STICO RADIOL\u00d3GICO DENTAL 3DENT 3DENT es un centro independiente, sin vinculaci\u00f3n con ninguna cl\u00ednica dental, dedicado exclusivamente al diagn\u00f3stico radiol\u00f3gico dental con la tecnolog\u00eda m\u00e1s avanzada del mercado. Nuestro equipo est\u00e1 formado por un grupo de profesionales altamente cualificados, avalado por muchos a\u00f1os de experiencia en el sector de la radiolog\u00eda dental en [&hellip;]<\/p>\n","protected":false},"author":1,"featured_media":0,"parent":0,"menu_order":0,"comment_status":"closed","ping_status":"closed","template":"","meta":{"_joinchat":[],"footnotes":""},"class_list":["post-8","page","type-page","status-publish","hentry","entry"],"yoast_head":"<!-- This site is optimized with the Yoast SEO plugin v27.5 - https:\/\/yoast.com\/product\/yoast-seo-wordpress\/ -->\n<title>CENTRO 3DENT - 3DENT<\/title>\n<meta name=\"robots\" content=\"index, follow, max-snippet:-1, max-image-preview:large, max-video-preview:-1\" \/>\n<link rel=\"canonical\" href=\"https:\/\/3dent.es\/index.php\/centro-3dent\/\" \/>\n<meta property=\"og:locale\" content=\"es_ES\" \/>\n<meta property=\"og:type\" content=\"article\" \/>\n<meta property=\"og:title\" content=\"CENTRO 3DENT - 3DENT\" \/>\n<meta property=\"og:description\" content=\"CENTRO DE DIAGN\u00d3STICO RADIOL\u00d3GICO DENTAL 3DENT 3DENT es un centro independiente, sin vinculaci\u00f3n con ninguna cl\u00ednica dental, dedicado exclusivamente al diagn\u00f3stico radiol\u00f3gico dental con la tecnolog\u00eda m\u00e1s avanzada del mercado. Nuestro equipo est\u00e1 formado por un grupo de profesionales altamente cualificados, avalado por muchos a\u00f1os de experiencia en el sector de la radiolog\u00eda dental en [&hellip;]\" \/>\n<meta property=\"og:url\" content=\"https:\/\/3dent.es\/index.php\/centro-3dent\/\" \/>\n<meta property=\"og:site_name\" content=\"3DENT\" \/>\n<meta property=\"article:modified_time\" content=\"2024-03-26T09:25:27+00:00\" \/>\n<meta property=\"og:image\" content=\"http:\/\/3dent.es\/wp-content\/uploads\/2020\/11\/centro-radiologico-3dent01.jpg\" \/>\n<meta name=\"twitter:card\" content=\"summary_large_image\" \/>\n<meta name=\"twitter:label1\" content=\"Tiempo de lectura\" \/>\n\t<meta name=\"twitter:data1\" content=\"4 minutos\" \/>\n<script type=\"application\/ld+json\" class=\"yoast-schema-graph\">{\"@context\":\"https:\\\/\\\/schema.org\",\"@graph\":[{\"@type\":\"WebPage\",\"@id\":\"https:\\\/\\\/3dent.es\\\/index.php\\\/centro-3dent\\\/\",\"url\":\"https:\\\/\\\/3dent.es\\\/index.php\\\/centro-3dent\\\/\",\"name\":\"CENTRO 3DENT - 3DENT\",\"isPartOf\":{\"@id\":\"https:\\\/\\\/3dent.es\\\/#website\"},\"primaryImageOfPage\":{\"@id\":\"https:\\\/\\\/3dent.es\\\/index.php\\\/centro-3dent\\\/#primaryimage\"},\"image\":{\"@id\":\"https:\\\/\\\/3dent.es\\\/index.php\\\/centro-3dent\\\/#primaryimage\"},\"thumbnailUrl\":\"http:\\\/\\\/3dent.es\\\/wp-content\\\/uploads\\\/2020\\\/11\\\/centro-radiologico-3dent01.jpg\",\"datePublished\":\"2020-11-17T19:13:29+00:00\",\"dateModified\":\"2024-03-26T09:25:27+00:00\",\"breadcrumb\":{\"@id\":\"https:\\\/\\\/3dent.es\\\/index.php\\\/centro-3dent\\\/#breadcrumb\"},\"inLanguage\":\"es\",\"potentialAction\":[{\"@type\":\"ReadAction\",\"target\":[\"https:\\\/\\\/3dent.es\\\/index.php\\\/centro-3dent\\\/\"]}]},{\"@type\":\"ImageObject\",\"inLanguage\":\"es\",\"@id\":\"https:\\\/\\\/3dent.es\\\/index.php\\\/centro-3dent\\\/#primaryimage\",\"url\":\"http:\\\/\\\/3dent.es\\\/wp-content\\\/uploads\\\/2020\\\/11\\\/centro-radiologico-3dent01.jpg\",\"contentUrl\":\"http:\\\/\\\/3dent.es\\\/wp-content\\\/uploads\\\/2020\\\/11\\\/centro-radiologico-3dent01.jpg\"},{\"@type\":\"BreadcrumbList\",\"@id\":\"https:\\\/\\\/3dent.es\\\/index.php\\\/centro-3dent\\\/#breadcrumb\",\"itemListElement\":[{\"@type\":\"ListItem\",\"position\":1,\"name\":\"Portada\",\"item\":\"https:\\\/\\\/3dent.es\\\/\"},{\"@type\":\"ListItem\",\"position\":2,\"name\":\"CENTRO 3DENT\"}]},{\"@type\":\"WebSite\",\"@id\":\"https:\\\/\\\/3dent.es\\\/#website\",\"url\":\"https:\\\/\\\/3dent.es\\\/\",\"name\":\"3DENT\",\"description\":\"Centro Radiol\u00f3gico Dental\",\"publisher\":{\"@id\":\"https:\\\/\\\/3dent.es\\\/#organization\"},\"potentialAction\":[{\"@type\":\"SearchAction\",\"target\":{\"@type\":\"EntryPoint\",\"urlTemplate\":\"https:\\\/\\\/3dent.es\\\/?s={search_term_string}\"},\"query-input\":{\"@type\":\"PropertyValueSpecification\",\"valueRequired\":true,\"valueName\":\"search_term_string\"}}],\"inLanguage\":\"es\"},{\"@type\":\"Organization\",\"@id\":\"https:\\\/\\\/3dent.es\\\/#organization\",\"name\":\"3Dent\",\"url\":\"https:\\\/\\\/3dent.es\\\/\",\"logo\":{\"@type\":\"ImageObject\",\"inLanguage\":\"es\",\"@id\":\"https:\\\/\\\/3dent.es\\\/#\\\/schema\\\/logo\\\/image\\\/\",\"url\":\"http:\\\/\\\/3dent.es\\\/wp-content\\\/uploads\\\/2020\\\/11\\\/cropped-logo-3dent-centro-radiologico-dental-valencia-castellon-sagunto-1.png\",\"contentUrl\":\"http:\\\/\\\/3dent.es\\\/wp-content\\\/uploads\\\/2020\\\/11\\\/cropped-logo-3dent-centro-radiologico-dental-valencia-castellon-sagunto-1.png\",\"width\":449,\"height\":124,\"caption\":\"3Dent\"},\"image\":{\"@id\":\"https:\\\/\\\/3dent.es\\\/#\\\/schema\\\/logo\\\/image\\\/\"}}]}<\/script>\n<!-- \/ Yoast SEO plugin. -->","yoast_head_json":{"title":"CENTRO 3DENT - 3DENT","robots":{"index":"index","follow":"follow","max-snippet":"max-snippet:-1","max-image-preview":"max-image-preview:large","max-video-preview":"max-video-preview:-1"},"canonical":"https:\/\/3dent.es\/index.php\/centro-3dent\/","og_locale":"es_ES","og_type":"article","og_title":"CENTRO 3DENT - 3DENT","og_description":"CENTRO DE DIAGN\u00d3STICO RADIOL\u00d3GICO DENTAL 3DENT 3DENT es un centro independiente, sin vinculaci\u00f3n con ninguna cl\u00ednica dental, dedicado exclusivamente al diagn\u00f3stico radiol\u00f3gico dental con la tecnolog\u00eda m\u00e1s avanzada del mercado. Nuestro equipo est\u00e1 formado por un grupo de profesionales altamente cualificados, avalado por muchos a\u00f1os de experiencia en el sector de la radiolog\u00eda dental en [&hellip;]","og_url":"https:\/\/3dent.es\/index.php\/centro-3dent\/","og_site_name":"3DENT","article_modified_time":"2024-03-26T09:25:27+00:00","og_image":[{"url":"http:\/\/3dent.es\/wp-content\/uploads\/2020\/11\/centro-radiologico-3dent01.jpg","type":"","width":"","height":""}],"twitter_card":"summary_large_image","twitter_misc":{"Tiempo de lectura":"4 minutos"},"schema":{"@context":"https:\/\/schema.org","@graph":[{"@type":"WebPage","@id":"https:\/\/3dent.es\/index.php\/centro-3dent\/","url":"https:\/\/3dent.es\/index.php\/centro-3dent\/","name":"CENTRO 3DENT - 3DENT","isPartOf":{"@id":"https:\/\/3dent.es\/#website"},"primaryImageOfPage":{"@id":"https:\/\/3dent.es\/index.php\/centro-3dent\/#primaryimage"},"image":{"@id":"https:\/\/3dent.es\/index.php\/centro-3dent\/#primaryimage"},"thumbnailUrl":"http:\/\/3dent.es\/wp-content\/uploads\/2020\/11\/centro-radiologico-3dent01.jpg","datePublished":"2020-11-17T19:13:29+00:00","dateModified":"2024-03-26T09:25:27+00:00","breadcrumb":{"@id":"https:\/\/3dent.es\/index.php\/centro-3dent\/#breadcrumb"},"inLanguage":"es","potentialAction":[{"@type":"ReadAction","target":["https:\/\/3dent.es\/index.php\/centro-3dent\/"]}]},{"@type":"ImageObject","inLanguage":"es","@id":"https:\/\/3dent.es\/index.php\/centro-3dent\/#primaryimage","url":"http:\/\/3dent.es\/wp-content\/uploads\/2020\/11\/centro-radiologico-3dent01.jpg","contentUrl":"http:\/\/3dent.es\/wp-content\/uploads\/2020\/11\/centro-radiologico-3dent01.jpg"},{"@type":"BreadcrumbList","@id":"https:\/\/3dent.es\/index.php\/centro-3dent\/#breadcrumb","itemListElement":[{"@type":"ListItem","position":1,"name":"Portada","item":"https:\/\/3dent.es\/"},{"@type":"ListItem","position":2,"name":"CENTRO 3DENT"}]},{"@type":"WebSite","@id":"https:\/\/3dent.es\/#website","url":"https:\/\/3dent.es\/","name":"3DENT","description":"Centro Radiol\u00f3gico Dental","publisher":{"@id":"https:\/\/3dent.es\/#organization"},"potentialAction":[{"@type":"SearchAction","target":{"@type":"EntryPoint","urlTemplate":"https:\/\/3dent.es\/?s={search_term_string}"},"query-input":{"@type":"PropertyValueSpecification","valueRequired":true,"valueName":"search_term_string"}}],"inLanguage":"es"},{"@type":"Organization","@id":"https:\/\/3dent.es\/#organization","name":"3Dent","url":"https:\/\/3dent.es\/","logo":{"@type":"ImageObject","inLanguage":"es","@id":"https:\/\/3dent.es\/#\/schema\/logo\/image\/","url":"http:\/\/3dent.es\/wp-content\/uploads\/2020\/11\/cropped-logo-3dent-centro-radiologico-dental-valencia-castellon-sagunto-1.png","contentUrl":"http:\/\/3dent.es\/wp-content\/uploads\/2020\/11\/cropped-logo-3dent-centro-radiologico-dental-valencia-castellon-sagunto-1.png","width":449,"height":124,"caption":"3Dent"},"image":{"@id":"https:\/\/3dent.es\/#\/schema\/logo\/image\/"}}]}},"_links":{"self":[{"href":"https:\/\/3dent.es\/index.php\/wp-json\/wp\/v2\/pages\/8","targetHints":{"allow":["GET"]}}],"collection":[{"href":"https:\/\/3dent.es\/index.php\/wp-json\/wp\/v2\/pages"}],"about":[{"href":"https:\/\/3dent.es\/index.php\/wp-json\/wp\/v2\/types\/page"}],"author":[{"embeddable":true,"href":"https:\/\/3dent.es\/index.php\/wp-json\/wp\/v2\/users\/1"}],"replies":[{"embeddable":true,"href":"https:\/\/3dent.es\/index.php\/wp-json\/wp\/v2\/comments?post=8"}],"version-history":[{"count":34,"href":"https:\/\/3dent.es\/index.php\/wp-json\/wp\/v2\/pages\/8\/revisions"}],"predecessor-version":[{"id":345,"href":"https:\/\/3dent.es\/index.php\/wp-json\/wp\/v2\/pages\/8\/revisions\/345"}],"wp:attachment":[{"href":"https:\/\/3dent.es\/index.php\/wp-json\/wp\/v2\/media?parent=8"}],"curies":[{"name":"wp","href":"https:\/\/api.w.org\/{rel}","templated":true}]}}